{"id":1130,"date":"2024-12-10T15:45:16","date_gmt":"2024-12-10T15:45:16","guid":{"rendered":"https:\/\/malesiahoney.com\/?post_type=product&#038;p=1130"},"modified":"2025-03-27T11:41:43","modified_gmt":"2025-03-27T10:41:43","slug":"spoon-honey-2","status":"publish","type":"product","link":"https:\/\/www.malesiahoney.com\/al\/produkt\/spoon-honey-2\/","title":{"rendered":"BioHoney Spoons"},"content":{"rendered":"<p>P\u00ebrjetoni shijen e past\u00ebr dhe natyrale t\u00eb mjaltit me \u00e7do lug\u00eb. E paketuar p\u00ebr nj\u00eb p\u00ebrdorim, luga me mjalt\u00eb ofron nj\u00eb mund\u00ebsi praktike p\u00ebr t\u00eb shijuar cil\u00ebsin\u00eb e lart\u00eb t\u00eb mjaltit. Pavar\u00ebsisht n\u00ebse e shtoni n\u00eb \u00e7aj, e hidhni mbi nj\u00eb pije ose e shijoni ashtu si\u00e7 \u00ebsht\u00eb, \u00e7do lug\u00eb sjell sasin\u00eb perfekte t\u00eb mjaltit. Pa nevoj\u00eb p\u00ebr kavanoza apo mjete t\u00eb tjera\u2014vet\u00ebm mjalt\u00eb n\u00eb nj\u00eb lug\u00eb t\u00eb thjesht\u00eb p\u00ebr p\u00ebrdorim t\u00eb leht\u00eb. E p\u00ebrshtatshme p\u00ebr ata q\u00eb jan\u00eb n\u00eb l\u00ebvizje dhe duan t\u00eb shijojn\u00eb nj\u00eb \u00ebmb\u00eblsir\u00eb natyrale n\u00eb \u00e7do moment.<\/p>\n<p><b>Benefitet:<\/b>:<br \/>\n\u2022 <b>Praktik<\/b>: Nuk keni nevoj\u00eb p\u00ebr kavanoza \u2014shijoni mjaltin leht\u00ebsisht, kudo dhe kurdo.<br \/>\n\u2022 <b>Sasi e Duhur<\/b>: \u00c7do lug\u00eb ka sasin\u00eb ideale t\u00eb mjaltit.<br \/>\n\u2022 <b>Higjienike<\/b>: \u00c7do lug\u00eb \u00ebsht\u00eb e mbyllur individualisht, duke siguruar nj\u00eb sh\u00ebrbim t\u00eb past\u00ebr dhe t\u00eb fresk\u00ebt \u00e7do her\u00eb.<br \/>\n\u2022 <b>E thjesht\u00eb dhe e past\u00ebr n\u00eb p\u00ebrdorim<\/b>: Eliminoni kaosin e kavanozave dhe pastrimin e ngjitsh\u00ebm.<br \/>\n\u2022 <b>E p\u00ebrshtatshme p\u00ebr p\u00ebrdorim n\u00eb l\u00ebvizje<\/b>: E p\u00ebrshtatshme p\u00ebr t\u2019u mbajtur me vete, ideale p\u00ebr ata q\u00eb jan\u00eb gjithmon\u00eb n\u00eb l\u00ebvizje.<\/p>","protected":false},"excerpt":{"rendered":"Experience the pure, natural sweetness of our premium honey with every spoonful. Perfectly portioned for one-time use, our honey spoon offers a convenient and mess-free way to enjoy the richness of high-quality honey. Whether added to your favorite tea, drizzled over a snack, or enjoyed on its own, each spoon delivers the perfect amount of honey. No need for jars or utensils\u2014just pure honey in a single, easy-to-use spoon. Ideal for on-the-go sweetness, our honey spoon is the perfect solution for busy individuals who appreciate nature\u2019s finest treat. Benefits: \u2022 Convenient: No need for jars or utensils\u2014enjoy your honey anywhere, anytime. \u2022 Perfect Portion: Each spoon offers the ideal amount of honey, eliminating waste. \u2022 Hygienic: Individually sealed spoons ensure a clean and fresh serving every time. \u2022 Mess-Free: Say goodbye to sticky jars and messy cleanup. \u2022 Portable: Easy to carry, making it perfect for on-the-go sweetness wherever you are.","protected":false},"featured_media":4928,"template":"","meta":{"_monsterinsights_skip_tracking":false,"_monsterinsights_sitenote_active":false,"_monsterinsights_sitenote_note":"","_monsterinsights_sitenote_category":0},"product_brand":[],"product_cat":[48],"product_tag":[],"class_list":{"0":"post-1130","1":"product","2":"type-product","3":"status-publish","4":"has-post-thumbnail","6":"product_cat-honey-collection","8":"first","9":"instock","10":"shipping-taxable","11":"purchasable","12":"product-type-variable"},"aioseo_notices":[],"_links":{"self":[{"href":"https:\/\/www.malesiahoney.com\/al\/wp-json\/wp\/v2\/product\/1130","targetHints":{"allow":["GET"]}}],"collection":[{"href":"https:\/\/www.malesiahoney.com\/al\/wp-json\/wp\/v2\/product"}],"about":[{"href":"https:\/\/www.malesiahoney.com\/al\/wp-json\/wp\/v2\/types\/product"}],"wp:featuredmedia":[{"embeddable":true,"href":"https:\/\/www.malesiahoney.com\/al\/wp-json\/wp\/v2\/media\/4928"}],"wp:attachment":[{"href":"https:\/\/www.malesiahoney.com\/al\/wp-json\/wp\/v2\/media?parent=1130"}],"wp:term":[{"taxonomy":"product_brand","embeddable":true,"href":"https:\/\/www.malesiahoney.com\/al\/wp-json\/wp\/v2\/product_brand?post=1130"},{"taxonomy":"product_cat","embeddable":true,"href":"https:\/\/www.malesiahoney.com\/al\/wp-json\/wp\/v2\/product_cat?post=1130"},{"taxonomy":"product_tag","embeddable":true,"href":"https:\/\/www.malesiahoney.com\/al\/wp-json\/wp\/v2\/product_tag?post=1130"}],"curies":[{"name":"wp","href":"https:\/\/api.w.org\/{rel}","templated":true}]}}