{"id":1096,"date":"2024-12-10T14:45:25","date_gmt":"2024-12-10T14:45:25","guid":{"rendered":"https:\/\/malesiahoney.com\/?post_type=product&#038;p=1096"},"modified":"2025-05-26T21:58:36","modified_gmt":"2025-05-26T19:58:36","slug":"linden-honey","status":"publish","type":"product","link":"https:\/\/www.malesiahoney.com\/al\/produkt\/linden-honey\/","title":{"rendered":"Linden BioHoney"},"content":{"rendered":"<p>I njohur p\u00ebr arom\u00ebn e tij unike dhe shijen e theksuar, mjalti i blirit ( Linden BioHoney) p\u00ebr ngjyr\u00ebn e tij t\u00eb art\u00eb dhe vetit\u00eb e tij qet\u00ebsuese. Nj\u00eb aleat i natyrsh\u00ebm kund\u00ebr t\u00eb ftohtit dhe gripit, ndihmon n\u00eb leht\u00ebsimin e simptomave dhe shpesh shijohet me \u00e7aj. I pasur me vlera rigjeneruese, ai ndihmon n\u00eb rikthimin e energjis\u00eb, qet\u00ebsimin e trupit dhe largimin e tensionit mendor.<\/p>","protected":false},"excerpt":{"rendered":"I njohur p\u00ebr arom\u00ebn e tij unike dhe shijen e theksuar, mjalti i blirit ( Linden BioHoney) p\u00ebr ngjyr\u00ebn e tij t\u00eb art\u00eb dhe vetit\u00eb e tij qet\u00ebsuese. Nj\u00eb aleat i natyrsh\u00ebm kund\u00ebr t\u00eb ftohtit dhe gripit, ndihmon n\u00eb leht\u00ebsimin e simptomave dhe shpesh shijohet me \u00e7aj. I pasur me vlera rigjeneruese, ai ndihmon n\u00eb rikthimin e energjis\u00eb, qet\u00ebsimin e trupit dhe largimin e tensionit mendor.","protected":false},"featured_media":5288,"template":"","meta":{"_monsterinsights_skip_tracking":false,"_monsterinsights_sitenote_active":false,"_monsterinsights_sitenote_note":"","_monsterinsights_sitenote_category":0},"product_brand":[],"product_cat":[48],"product_tag":[],"class_list":{"0":"post-1096","1":"product","2":"type-product","3":"status-publish","4":"has-post-thumbnail","6":"product_cat-honey-collection","8":"first","9":"instock","10":"shipping-taxable","11":"purchasable","12":"product-type-variable"},"aioseo_notices":[],"_links":{"self":[{"href":"https:\/\/www.malesiahoney.com\/al\/wp-json\/wp\/v2\/product\/1096","targetHints":{"allow":["GET"]}}],"collection":[{"href":"https:\/\/www.malesiahoney.com\/al\/wp-json\/wp\/v2\/product"}],"about":[{"href":"https:\/\/www.malesiahoney.com\/al\/wp-json\/wp\/v2\/types\/product"}],"wp:featuredmedia":[{"embeddable":true,"href":"https:\/\/www.malesiahoney.com\/al\/wp-json\/wp\/v2\/media\/5288"}],"wp:attachment":[{"href":"https:\/\/www.malesiahoney.com\/al\/wp-json\/wp\/v2\/media?parent=1096"}],"wp:term":[{"taxonomy":"product_brand","embeddable":true,"href":"https:\/\/www.malesiahoney.com\/al\/wp-json\/wp\/v2\/product_brand?post=1096"},{"taxonomy":"product_cat","embeddable":true,"href":"https:\/\/www.malesiahoney.com\/al\/wp-json\/wp\/v2\/product_cat?post=1096"},{"taxonomy":"product_tag","embeddable":true,"href":"https:\/\/www.malesiahoney.com\/al\/wp-json\/wp\/v2\/product_tag?post=1096"}],"curies":[{"name":"wp","href":"https:\/\/api.w.org\/{rel}","templated":true}]}}