{"id":1093,"date":"2024-12-10T14:41:09","date_gmt":"2024-12-10T14:41:09","guid":{"rendered":"https:\/\/malesiahoney.com\/?post_type=product&#038;p=1093"},"modified":"2025-05-26T21:59:03","modified_gmt":"2025-05-26T19:59:03","slug":"lavender-honey","status":"publish","type":"product","link":"https:\/\/www.malesiahoney.com\/al\/produkt\/lavender-honey\/","title":{"rendered":"Lavender BioHoney"},"content":{"rendered":"<p>Me arom\u00ebn e but\u00eb dhe shijen e rafinuar t\u00eb livand\u00ebs, Lavender BioHoney sjell qet\u00ebsi dhe \u00ebmb\u00eblsi n\u00eb \u00e7do kafshat\u00eb. I pasur me vlera natyrore, \u00ebsht\u00eb shoq\u00ebruesi i p\u00ebrsosur p\u00ebr nj\u00eb dit\u00eb t\u00eb balancuar dhe t\u00eb sh\u00ebndetshme.<\/p>","protected":false},"excerpt":{"rendered":"Me arom\u00ebn e but\u00eb dhe shijen e rafinuar t\u00eb livand\u00ebs, Lavender BioHoney sjell qet\u00ebsi dhe \u00ebmb\u00eblsi n\u00eb \u00e7do kafshat\u00eb. I pasur me vlera natyrore, \u00ebsht\u00eb shoq\u00ebruesi i p\u00ebrsosur p\u00ebr nj\u00eb dit\u00eb t\u00eb balancuar dhe t\u00eb sh\u00ebndetshme.","protected":false},"featured_media":5289,"template":"","meta":{"_monsterinsights_skip_tracking":false,"_monsterinsights_sitenote_active":false,"_monsterinsights_sitenote_note":"","_monsterinsights_sitenote_category":0},"product_brand":[],"product_cat":[48],"product_tag":[],"class_list":{"0":"post-1093","1":"product","2":"type-product","3":"status-publish","4":"has-post-thumbnail","6":"product_cat-honey-collection","8":"first","9":"instock","10":"shipping-taxable","11":"purchasable","12":"product-type-variable"},"aioseo_notices":[],"_links":{"self":[{"href":"https:\/\/www.malesiahoney.com\/al\/wp-json\/wp\/v2\/product\/1093","targetHints":{"allow":["GET"]}}],"collection":[{"href":"https:\/\/www.malesiahoney.com\/al\/wp-json\/wp\/v2\/product"}],"about":[{"href":"https:\/\/www.malesiahoney.com\/al\/wp-json\/wp\/v2\/types\/product"}],"wp:featuredmedia":[{"embeddable":true,"href":"https:\/\/www.malesiahoney.com\/al\/wp-json\/wp\/v2\/media\/5289"}],"wp:attachment":[{"href":"https:\/\/www.malesiahoney.com\/al\/wp-json\/wp\/v2\/media?parent=1093"}],"wp:term":[{"taxonomy":"product_brand","embeddable":true,"href":"https:\/\/www.malesiahoney.com\/al\/wp-json\/wp\/v2\/product_brand?post=1093"},{"taxonomy":"product_cat","embeddable":true,"href":"https:\/\/www.malesiahoney.com\/al\/wp-json\/wp\/v2\/product_cat?post=1093"},{"taxonomy":"product_tag","embeddable":true,"href":"https:\/\/www.malesiahoney.com\/al\/wp-json\/wp\/v2\/product_tag?post=1093"}],"curies":[{"name":"wp","href":"https:\/\/api.w.org\/{rel}","templated":true}]}}