{"id":1089,"date":"2024-12-10T14:26:24","date_gmt":"2024-12-10T14:26:24","guid":{"rendered":"https:\/\/malesiahoney.com\/?post_type=product&#038;p=1089"},"modified":"2025-06-25T19:21:14","modified_gmt":"2025-06-25T17:21:14","slug":"forest-honey","status":"publish","type":"product","link":"https:\/\/www.malesiahoney.com\/al\/produkt\/forest-honey\/","title":{"rendered":"Forest BioHoney"},"content":{"rendered":"<p>Me shije t\u00eb plot\u00eb dhe ngjyr\u00eb t\u00eb thell\u00eb, Forest BioHoney sjell thelbin e pyjeve n\u00eb \u00e7do lug\u00eb. I pasur me antioksidant\u00eb, \u00ebsht\u00eb zgjedhja ideale p\u00ebr nj\u00eb sh\u00ebndet t\u00eb mir\u00eb dhe momente plot \u00ebmb\u00eblsi.<\/p>","protected":false},"excerpt":{"rendered":"Me shije t\u00eb plot\u00eb dhe ngjyr\u00eb t\u00eb thell\u00eb, Forest BioHoney sjell thelbin e pyjeve n\u00eb \u00e7do lug\u00eb. I pasur me antioksidant\u00eb, \u00ebsht\u00eb zgjedhja ideale p\u00ebr nj\u00eb sh\u00ebndet t\u00eb mir\u00eb dhe momente plot \u00ebmb\u00eblsi.","protected":false},"featured_media":5290,"template":"","meta":{"_monsterinsights_skip_tracking":false,"_monsterinsights_sitenote_active":false,"_monsterinsights_sitenote_note":"","_monsterinsights_sitenote_category":0},"product_brand":[],"product_cat":[48],"product_tag":[],"class_list":{"0":"post-1089","1":"product","2":"type-product","3":"status-publish","4":"has-post-thumbnail","6":"product_cat-honey-collection","8":"first","9":"instock","10":"shipping-taxable","11":"purchasable","12":"product-type-variable"},"aioseo_notices":[],"_links":{"self":[{"href":"https:\/\/www.malesiahoney.com\/al\/wp-json\/wp\/v2\/product\/1089","targetHints":{"allow":["GET"]}}],"collection":[{"href":"https:\/\/www.malesiahoney.com\/al\/wp-json\/wp\/v2\/product"}],"about":[{"href":"https:\/\/www.malesiahoney.com\/al\/wp-json\/wp\/v2\/types\/product"}],"wp:featuredmedia":[{"embeddable":true,"href":"https:\/\/www.malesiahoney.com\/al\/wp-json\/wp\/v2\/media\/5290"}],"wp:attachment":[{"href":"https:\/\/www.malesiahoney.com\/al\/wp-json\/wp\/v2\/media?parent=1089"}],"wp:term":[{"taxonomy":"product_brand","embeddable":true,"href":"https:\/\/www.malesiahoney.com\/al\/wp-json\/wp\/v2\/product_brand?post=1089"},{"taxonomy":"product_cat","embeddable":true,"href":"https:\/\/www.malesiahoney.com\/al\/wp-json\/wp\/v2\/product_cat?post=1089"},{"taxonomy":"product_tag","embeddable":true,"href":"https:\/\/www.malesiahoney.com\/al\/wp-json\/wp\/v2\/product_tag?post=1089"}],"curies":[{"name":"wp","href":"https:\/\/api.w.org\/{rel}","templated":true}]}}