{"id":588,"date":"2022-03-13T05:17:49","date_gmt":"2022-03-13T05:17:49","guid":{"rendered":"https:\/\/wpocean.com\/wp\/annahl\/?page_id=18"},"modified":"2025-10-27T14:49:37","modified_gmt":"2025-10-27T13:49:37","slug":"about","status":"publish","type":"page","link":"https:\/\/www.malesiahoney.com\/al\/about\/","title":{"rendered":"Rreth nesh"},"content":{"rendered":"<div data-elementor-type=\"wp-page\" data-elementor-id=\"588\" class=\"elementor elementor-588\">\n\t\t\t\t<div class=\"elementor-element elementor-element-cf0d51b e-con-full e-flex wpr-particle-no wpr-jarallax-no wpr-parallax-no wpr-sticky-section-no e-con e-parent\" data-id=\"cf0d51b\" data-element_type=\"container\">\n\t\t<div class=\"elementor-element elementor-element-0976f3f e-con-full e-flex wpr-particle-no wpr-jarallax-no wpr-parallax-no wpr-sticky-section-no e-con e-child\" data-id=\"0976f3f\" data-element_type=\"container\" data-settings=\"{&quot;background_background&quot;:&quot;classic&quot;}\">\n\t\t<div class=\"elementor-element elementor-element-b23517c e-con-full e-flex wpr-particle-no wpr-jarallax-no wpr-parallax-no wpr-sticky-section-no e-con e-child\" data-id=\"b23517c\" data-element_type=\"container\" data-settings=\"{&quot;background_background&quot;:&quot;classic&quot;}\">\n\t\t<div class=\"elementor-element elementor-element-1af941e e-con-full e-flex wpr-particle-no wpr-jarallax-no wpr-parallax-no wpr-sticky-section-no e-con e-child\" data-id=\"1af941e\" data-element_type=\"container\">\n\t\t\t\t<div class=\"elementor-element elementor-element-eb5fc0e elementor-widget__width-initial elementor-widget elementor-widget-heading\" data-id=\"eb5fc0e\" data-element_type=\"widget\" data-widget_type=\"heading.default\">\n\t\t\t\t<div class=\"elementor-widget-container\">\n\t\t\t\t\t<h2 class=\"elementor-heading-title elementor-size-default\">Reth nesh<\/h2>\t\t\t\t<\/div>\n\t\t\t\t<\/div>\n\t\t\t\t<div class=\"elementor-element elementor-element-a233141 elementor-widget__width-initial elementor-widget elementor-widget-heading\" data-id=\"a233141\" data-element_type=\"widget\" data-widget_type=\"heading.default\">\n\t\t\t\t<div class=\"elementor-widget-container\">\n\t\t\t\t\t<p class=\"elementor-heading-title elementor-size-default\">Te Malesia Honey, ne kemi nj\u00eb mision t\u00eb thjesht\u00eb: t\u00eb sjellim mjalt\u00eb t\u00eb past\u00ebr dhe organik, duke respektuar natyr\u00ebn dhe mb\u00ebshtetur bletarin\u00eb e q\u00ebndrueshme. \u00c7do hap, nga kosheret deri te kavanozi, pasqyron p\u00ebrkushtimin ton\u00eb ndaj cil\u00ebsis\u00eb, etik\u00ebs dhe mjedisit.\n<\/p>\t\t\t\t<\/div>\n\t\t\t\t<\/div>\n\t\t\t\t<div class=\"elementor-element elementor-element-772c32c elementor-widget__width-initial elementor-widget elementor-widget-heading\" data-id=\"772c32c\" data-element_type=\"widget\" data-widget_type=\"heading.default\">\n\t\t\t\t<div class=\"elementor-widget-container\">\n\t\t\t\t\t<h2 class=\"elementor-heading-title elementor-size-default\">Certifikimet EU Organic dhe USDA Organic jan\u00eb d\u00ebshmi e standardeve tona t\u00eb larta dhe produktit premium q\u00eb ju ofrojm\u00eb.<\/h2>\t\t\t\t<\/div>\n\t\t\t\t<\/div>\n\t\t\t\t<div class=\"elementor-element elementor-element-d89f65e elementor-widget__width-initial elementor-widget elementor-widget-heading\" data-id=\"d89f65e\" data-element_type=\"widget\" data-widget_type=\"heading.default\">\n\t\t\t\t<div class=\"elementor-widget-container\">\n\t\t\t\t\t<h2 class=\"elementor-heading-title elementor-size-default\">SHIJE E P\u00cbRSOSUR P\u00cbR \u00c7DO MOMENT<\/h2>\t\t\t\t<\/div>\n\t\t\t\t<\/div>\n\t\t\t\t<\/div>\n\t\t\t\t<\/div>\n\t\t\t\t<\/div>\n\t\t<div class=\"elementor-element elementor-element-94eba03 e-con-full e-flex wpr-particle-no wpr-jarallax-no wpr-parallax-no wpr-sticky-section-no e-con e-child\" data-id=\"94eba03\" data-element_type=\"container\" data-settings=\"{&quot;background_background&quot;:&quot;classic&quot;}\">\n\t\t<div class=\"elementor-element elementor-element-2224a35 e-con-full e-flex wpr-particle-no wpr-jarallax-no wpr-parallax-no wpr-sticky-section-no e-con e-child\" data-id=\"2224a35\" data-element_type=\"container\" data-settings=\"{&quot;background_background&quot;:&quot;classic&quot;}\">\n\t\t<div class=\"elementor-element elementor-element-31aadd0 e-con-full e-flex wpr-particle-no wpr-jarallax-no wpr-parallax-no wpr-sticky-section-no e-con e-child\" data-id=\"31aadd0\" data-element_type=\"container\" data-settings=\"{&quot;background_background&quot;:&quot;classic&quot;}\">\n\t\t\t\t<div class=\"elementor-element elementor-element-678b56e elementor-widget elementor-widget-heading\" data-id=\"678b56e\" data-element_type=\"widget\" data-widget_type=\"heading.default\">\n\t\t\t\t<div class=\"elementor-widget-container\">\n\t\t\t\t\t<h2 class=\"elementor-heading-title elementor-size-default\">P\u00ebrsoshm\u00ebri e garantuar, e \u00e7ertifikuar vet\u00ebm p\u00ebr ju<\/h2>\t\t\t\t<\/div>\n\t\t\t\t<\/div>\n\t\t\t\t<div class=\"elementor-element elementor-element-8e9395b elementor-widget elementor-widget-heading\" data-id=\"8e9395b\" data-element_type=\"widget\" data-widget_type=\"heading.default\">\n\t\t\t\t<div class=\"elementor-widget-container\">\n\t\t\t\t\t<h2 class=\"elementor-heading-title elementor-size-default\">\u00c7do pako me mjaltin ton\u00eb \u00ebsht\u00eb nj\u00eb d\u00ebshmi e p\u00ebrkushtimit ton\u00eb ndaj past\u00ebrtis\u00eb dhe q\u00ebndrueshm\u00ebris\u00eb. Ne punojm\u00eb ngusht\u00eb me bletar\u00ebt ekspert\u00eb, duke u siguruar q\u00eb mjalti yn\u00eb t\u00eb jet\u00eb i pap\u00ebrpunuar, i pafiltruar dhe pa aditiv\u00eb. Procesi yn\u00eb ruan enzimat natyrore dhe l\u00ebnd\u00ebt ushqyese, duke dh\u00ebn\u00eb nj\u00eb shije t\u00eb pasur, autentike direkt nga kosherja.<\/h2>\t\t\t\t<\/div>\n\t\t\t\t<\/div>\n\t\t\t\t<\/div>\n\t\t\t\t<\/div>\n\t\t\t\t<\/div>\n\t\t<div class=\"elementor-element elementor-element-0672120 e-con-full e-flex wpr-particle-no wpr-jarallax-no wpr-parallax-no wpr-sticky-section-no e-con e-child\" data-id=\"0672120\" data-element_type=\"container\" data-settings=\"{&quot;background_background&quot;:&quot;classic&quot;}\">\n\t\t\t\t<div class=\"elementor-element elementor-element-028e795 elementor-widget elementor-widget-heading\" data-id=\"028e795\" data-element_type=\"widget\" data-widget_type=\"heading.default\">\n\t\t\t\t<div class=\"elementor-widget-container\">\n\t\t\t\t\t<h2 class=\"elementor-heading-title elementor-size-default\">E Certifikuar Nderkomb\u00ebtarisht<\/h2>\t\t\t\t<\/div>\n\t\t\t\t<\/div>\n\t\t<div class=\"elementor-element elementor-element-aa5ddbc e-con-full e-flex wpr-particle-no wpr-jarallax-no wpr-parallax-no wpr-sticky-section-no e-con e-child\" data-id=\"aa5ddbc\" data-element_type=\"container\" data-settings=\"{&quot;background_background&quot;:&quot;classic&quot;}\">\n\t\t<div class=\"elementor-element elementor-element-bcc5292 e-con-full e-flex wpr-particle-no wpr-jarallax-no wpr-parallax-no wpr-sticky-section-no e-con e-child\" data-id=\"bcc5292\" data-element_type=\"container\">\n\t\t\t\t<div class=\"elementor-element elementor-element-6e73278 elementor-widget__width-initial elementor-widget-tablet__width-initial elementor-widget elementor-widget-heading\" data-id=\"6e73278\" data-element_type=\"widget\" data-widget_type=\"heading.default\">\n\t\t\t\t<div class=\"elementor-widget-container\">\n\t\t\t\t\t<h2 class=\"elementor-heading-title elementor-size-default\">Ne krenohemi q\u00eb jemi t\u00eb certifikuar nga USDA Organic dhe EU Organic, duke siguruar q\u00eb mjalti yn\u00eb t\u00eb p\u00ebrmbush standardet m\u00eb t\u00eb larta t\u00eb industris\u00eb. I certifikuar nga SGS, nj\u00eb lider global n\u00eb inspektim dhe testim, mjalti yn\u00eb \u00ebsht\u00eb i lir\u00eb nga pesticide, trajtime artificiale dhe aditiv\u00eb \u2013 thjesht e past\u00ebr dhe e natyrshme.<\/h2>\t\t\t\t<\/div>\n\t\t\t\t<\/div>\n\t\t\t\t<\/div>\n\t\t<div class=\"elementor-element elementor-element-af057de e-con-full e-flex wpr-particle-no wpr-jarallax-no wpr-parallax-no wpr-sticky-section-no e-con e-child\" data-id=\"af057de\" data-element_type=\"container\">\n\t\t\t\t<div class=\"elementor-element elementor-element-40d6be1 elementor-widget elementor-widget-image\" data-id=\"40d6be1\" data-element_type=\"widget\" data-widget_type=\"image.default\">\n\t\t\t\t<div class=\"elementor-widget-container\">\n\t\t\t\t\t\t\t\t\t\t\t\t\t\t\t<img decoding=\"async\" src=\"https:\/\/storage.googleapis.com\/malesia-bucket\/image%2011.webp\" title=\"\" alt=\"\" loading=\"lazy\" \/>\t\t\t\t\t\t\t\t\t\t\t\t\t\t\t<\/div>\n\t\t\t\t<\/div>\n\t\t\t\t<div class=\"elementor-element elementor-element-99aa566 elementor-widget elementor-widget-heading\" data-id=\"99aa566\" data-element_type=\"widget\" data-widget_type=\"heading.default\">\n\t\t\t\t<div class=\"elementor-widget-container\">\n\t\t\t\t\t<h2 class=\"elementor-heading-title elementor-size-default\">USDA Organic<\/h2>\t\t\t\t<\/div>\n\t\t\t\t<\/div>\n\t\t\t\t<\/div>\n\t\t<div class=\"elementor-element elementor-element-89ca7d8 e-flex e-con-boxed wpr-particle-no wpr-jarallax-no wpr-parallax-no wpr-sticky-section-no e-con e-child\" data-id=\"89ca7d8\" data-element_type=\"container\">\n\t\t\t\t\t<div class=\"e-con-inner\">\n\t\t\t\t<div class=\"elementor-element elementor-element-89c3b30 elementor-widget elementor-widget-image\" data-id=\"89c3b30\" data-element_type=\"widget\" data-widget_type=\"image.default\">\n\t\t\t\t<div class=\"elementor-widget-container\">\n\t\t\t\t\t\t\t\t\t\t\t\t\t\t\t<img decoding=\"async\" src=\"https:\/\/storage.googleapis.com\/malesia-bucket\/image%2012.webp\" title=\"\" alt=\"\" loading=\"lazy\" \/>\t\t\t\t\t\t\t\t\t\t\t\t\t\t\t<\/div>\n\t\t\t\t<\/div>\n\t\t\t\t<div class=\"elementor-element elementor-element-3de6e13 elementor-widget elementor-widget-heading\" data-id=\"3de6e13\" data-element_type=\"widget\" data-widget_type=\"heading.default\">\n\t\t\t\t<div class=\"elementor-widget-container\">\n\t\t\t\t\t<h2 class=\"elementor-heading-title elementor-size-default\">EU Organic<\/h2>\t\t\t\t<\/div>\n\t\t\t\t<\/div>\n\t\t\t\t\t<\/div>\n\t\t\t\t<\/div>\n\t\t\t\t<\/div>\n\t\t\t\t<\/div>\n\t\t\t\t<\/div>\n\t\t\t\t<\/div>","protected":false},"excerpt":{"rendered":"About Us At Malesia Honey, we believe in crafting honey that stays true to nature. Our journey began with a simple goal: to produce pure, organic honey while supporting sustainable beekeeping. From hive to jar, every step reflects our commitment to quality, ethics, and the environment. Using of EU and USDA organic logos is a guarantee of our premium quality products and working standards. Sweetness, Sized for You Guaranteed Excellence, Certified Just for You Every jar of our honey is a testament to our dedication to purity and sustainability. We work closely with expert beekeepers, ensuring our honey is raw, unfiltered, and free from additives. Our process preserves the natural enzymes and nutrients, delivering a rich, authentic taste straight from the hive. World Recognized Certifications We take pride in being USDA Organic and EU Organic certified, ensuring our honey meets the highest industry standards. Certified by SGS, a global leader in inspection and testing, our honey is free from pesticides, artificial treatments, and additives\u2014just pure, natural goodness. USDA Organic EU Organic","protected":false},"author":1,"featured_media":0,"parent":0,"menu_order":0,"comment_status":"closed","ping_status":"closed","template":"elementor_header_footer","meta":{"_monsterinsights_skip_tracking":false,"_monsterinsights_sitenote_active":false,"_monsterinsights_sitenote_note":"","_monsterinsights_sitenote_category":0,"footnotes":""},"class_list":["post-588","page","type-page","status-publish","hentry"],"aioseo_notices":[],"_links":{"self":[{"href":"https:\/\/www.malesiahoney.com\/al\/wp-json\/wp\/v2\/pages\/588","targetHints":{"allow":["GET"]}}],"collection":[{"href":"https:\/\/www.malesiahoney.com\/al\/wp-json\/wp\/v2\/pages"}],"about":[{"href":"https:\/\/www.malesiahoney.com\/al\/wp-json\/wp\/v2\/types\/page"}],"author":[{"embeddable":true,"href":"https:\/\/www.malesiahoney.com\/al\/wp-json\/wp\/v2\/users\/1"}],"replies":[{"embeddable":true,"href":"https:\/\/www.malesiahoney.com\/al\/wp-json\/wp\/v2\/comments?post=588"}],"version-history":[{"count":480,"href":"https:\/\/www.malesiahoney.com\/al\/wp-json\/wp\/v2\/pages\/588\/revisions"}],"predecessor-version":[{"id":5971,"href":"https:\/\/www.malesiahoney.com\/al\/wp-json\/wp\/v2\/pages\/588\/revisions\/5971"}],"wp:attachment":[{"href":"https:\/\/www.malesiahoney.com\/al\/wp-json\/wp\/v2\/media?parent=588"}],"curies":[{"name":"wp","href":"https:\/\/api.w.org\/{rel}","templated":true}]}}