{"id":572,"date":"2022-03-10T12:03:10","date_gmt":"2022-03-10T12:03:10","guid":{"rendered":"https:\/\/wpocean.com\/wp\/annahl\/shop\/"},"modified":"2025-10-27T14:43:25","modified_gmt":"2025-10-27T13:43:25","slug":"products","status":"publish","type":"page","link":"https:\/\/www.malesiahoney.com\/al\/products\/","title":{"rendered":"Produktet"},"content":{"rendered":"<div data-elementor-type=\"wp-page\" data-elementor-id=\"572\" class=\"elementor elementor-572\">\n\t\t\t\t<div class=\"elementor-element elementor-element-8b2cd0f e-flex e-con-boxed wpr-particle-no wpr-jarallax-no wpr-parallax-no wpr-sticky-section-no e-con e-parent\" data-id=\"8b2cd0f\" data-element_type=\"container\" data-settings=\"{&quot;background_background&quot;:&quot;classic&quot;}\">\n\t\t\t\t\t<div class=\"e-con-inner\">\n\t\t<div class=\"elementor-element elementor-element-8aef056 e-con-full e-flex wpr-particle-no wpr-jarallax-no wpr-parallax-no wpr-sticky-section-no e-con e-child\" data-id=\"8aef056\" data-element_type=\"container\" data-settings=\"{&quot;background_background&quot;:&quot;classic&quot;}\">\n\t\t<div class=\"elementor-element elementor-element-09017c5 e-con-full e-flex wpr-particle-no wpr-jarallax-no wpr-parallax-no wpr-sticky-section-no e-con e-child\" data-id=\"09017c5\" data-element_type=\"container\" data-settings=\"{&quot;background_background&quot;:&quot;classic&quot;}\">\n\t\t<div class=\"elementor-element elementor-element-4aaaef9 e-con-full e-flex wpr-particle-no wpr-jarallax-no wpr-parallax-no wpr-sticky-section-no e-con e-child\" data-id=\"4aaaef9\" data-element_type=\"container\">\n\t\t\t\t<div class=\"elementor-element elementor-element-0a3e2c9 elementor-widget__width-initial elementor-widget elementor-widget-heading\" data-id=\"0a3e2c9\" data-element_type=\"widget\" data-widget_type=\"heading.default\">\n\t\t\t\t<div class=\"elementor-widget-container\">\n\t\t\t\t\t<h2 class=\"elementor-heading-title elementor-size-default\">Nga Natyra n\u00eb Lug\u00ebn Tuaj,<\/br> Past\u00ebrti dhe Cil\u00ebsi e Pakrahasueshme.<\/h2>\t\t\t\t<\/div>\n\t\t\t\t<\/div>\n\t\t\t\t<div class=\"elementor-element elementor-element-e63c3d4 elementor-widget__width-initial elementor-widget elementor-widget-heading\" data-id=\"e63c3d4\" data-element_type=\"widget\" data-widget_type=\"heading.default\">\n\t\t\t\t<div class=\"elementor-widget-container\">\n\t\t\t\t\t<p class=\"elementor-heading-title elementor-size-default\">Crafted by nature, untouched by additives. Our honey is a symbol of purity, collected from the finest blossoms to deliver a rich, authentic taste. A spoonful of Malesia is more than honey\u2014it\u2019s nature\u2019s&nbsp;golden&nbsp;touch.<\/p>\t\t\t\t<\/div>\n\t\t\t\t<\/div>\n\t\t\t\t<\/div>\n\t\t\t\t<\/div>\n\t\t\t\t<\/div>\n\t\t<div class=\"elementor-element elementor-element-3e117a9 e-con-full e-flex wpr-particle-no wpr-jarallax-no wpr-parallax-no wpr-sticky-section-no e-con e-child\" data-id=\"3e117a9\" data-element_type=\"container\">\n\t\t<div class=\"elementor-element elementor-element-65cbdb1 e-con-full e-flex wpr-particle-no wpr-jarallax-no wpr-parallax-no wpr-sticky-section-no e-con e-child\" data-id=\"65cbdb1\" data-element_type=\"container\">\n\t\t\t\t<div class=\"elementor-element elementor-element-f1a4d8a elementor-widget__width-initial elementor-widget elementor-widget-eael-breadcrumbs\" data-id=\"f1a4d8a\" data-element_type=\"widget\" data-widget_type=\"eael-breadcrumbs.default\">\n\t\t\t\t<div class=\"elementor-widget-container\">\n\t\t\t\t\t\t\t<div class=\"eael-breadcrumbs\">\n\t\t\t<div class=\"eael-breadcrumbs__content\"><a href=\"https:\/\/www.malesiahoney.com\/al\">Ballina<\/a> <span class=\"eael-breadcrumb-separator\">\/<\/span> <span class = \"eael-current\">Faqe<\/span><\/div>\t\t<\/div>\n\t\t\t\t\t\t<\/div>\n\t\t\t\t<\/div>\n\t\t\t\t<div class=\"elementor-element elementor-element-9738876 elementor-widget__width-inherit elementor-widget elementor-widget-html\" data-id=\"9738876\" data-element_type=\"widget\" data-widget_type=\"html.default\">\n\t\t\t\t<div class=\"elementor-widget-container\">\n\t\t\t\t\t<form id=\"product-search-form\" action=\"\">\n    <input type=\"text\" id=\"search-input\" placeholder=\"K\u00ebrko produkte...\" autocomplete=\"off\">\n<input type=\"hidden\" name=\"trp-form-language\" value=\"al\"\/><\/form>\n\t\t\t\t<\/div>\n\t\t\t\t<\/div>\n\t\t\t\t<\/div>\n\t\t\t\t<\/div>\n\t\t\t\t\t<\/div>\n\t\t\t\t<\/div>\n\t\t<div class=\"elementor-element elementor-element-30c9229 e-flex e-con-boxed wpr-particle-no wpr-jarallax-no wpr-parallax-no wpr-sticky-section-no e-con e-parent\" data-id=\"30c9229\" data-element_type=\"container\">\n\t\t\t\t\t<div class=\"e-con-inner\">\n\t\t\t\t<div class=\"elementor-element elementor-element-c810943 elementor-widget__width-inherit elementor-widget elementor-widget-shortcode\" data-id=\"c810943\" data-element_type=\"widget\" data-widget_type=\"shortcode.default\">\n\t\t\t\t<div class=\"elementor-widget-container\">\n\t\t\t\t\t\t\t<div class=\"elementor-shortcode\">\n<!-- Product Listing -->\n<div id=\"product-results\" class=\"product-grid\">\n                <div class=\"product-card\">\n                <div class=\"product-image\">\n                    <a href=\"https:\/\/www.malesiahoney.com\/al\/produkt\/acacia-honey\/?attribute_weight=Medium+335gr\">\n                        <img decoding=\"async\" src=\"https:\/\/www.malesiahoney.com\/wp-content\/uploads\/2024\/12\/Acacia_Final-removebg-preview-e1750873983272.png\" alt=\"Acacia BioHoney 335gr\">\n                    <\/a>\n                    <div class=\"quick-view\">\n                        <a href=\"https:\/\/www.malesiahoney.com\/al\/produkt\/acacia-honey\/?attribute_weight=Medium+335gr\" class=\"quick-view-btn\">Shiko produktin<\/a>\n                    <\/div>\n                <\/div>\n                <h3 class=\"product-title\">Acacia BioHoney 335gr<\/h3>\n                <p class=\"product-description\">E leht\u00eb dhe e art\u00eb, Acacia BioHoney \u00ebsht\u00eb ...<\/p>\n                <h6 class=\"product-price\">\n                                            <span class=\"woocommerce-Price-amount amount\"><bdi>11,90&nbsp;<span class=\"woocommerce-Price-currencySymbol\">&euro;<\/span><\/bdi><\/span>                                    <\/h6>\n               <div class=\"product-actions\">\n\t\t\t\t   <button class=\"add-to-cart-btn quick-view-btn\" data-product-id=\"1100\">\n  Vendos n\u00eb Shport\u00eb\n<\/button>\n\n\t\t\t<\/div>\n\n            <\/div>\n                        <div class=\"product-card\">\n                <div class=\"product-image\">\n                    <a href=\"https:\/\/www.malesiahoney.com\/al\/produkt\/forest-honey\/?attribute_weight=Medium+335gr\">\n                        <img decoding=\"async\" src=\"https:\/\/www.malesiahoney.com\/wp-content\/uploads\/2024\/12\/Forest_Final-removebg-preview-e1750874002597.png\" alt=\"Forest BioHoney 335gr\">\n                    <\/a>\n                    <div class=\"quick-view\">\n                        <a href=\"https:\/\/www.malesiahoney.com\/al\/produkt\/forest-honey\/?attribute_weight=Medium+335gr\" class=\"quick-view-btn\">Shiko produktin<\/a>\n                    <\/div>\n                <\/div>\n                <h3 class=\"product-title\">Forest BioHoney 335gr<\/h3>\n                <p class=\"product-description\">E guximshme n\u00eb shije dhe ngjyr\u00eb t\u00eb err\u00ebt...<\/p>\n                <h6 class=\"product-price\">\n                                            <span class=\"woocommerce-Price-amount amount\"><bdi>11,90&nbsp;<span class=\"woocommerce-Price-currencySymbol\">&euro;<\/span><\/bdi><\/span>                                    <\/h6>\n               <div class=\"product-actions\">\n\t\t\t\t   <button class=\"add-to-cart-btn quick-view-btn\" data-product-id=\"1090\">\n  Vendos n\u00eb Shport\u00eb\n<\/button>\n\n\t\t\t<\/div>\n\n            <\/div>\n                        <div class=\"product-card\">\n                <div class=\"product-image\">\n                    <a href=\"https:\/\/www.malesiahoney.com\/al\/produkt\/lavender-honey\/?attribute_weight=Medium+335gr\">\n                        <img decoding=\"async\" src=\"https:\/\/www.malesiahoney.com\/wp-content\/uploads\/2024\/12\/Lavender_Final-removebg-preview-e1750874024549.png\" alt=\"Lavender BioHoney 335gr\">\n                    <\/a>\n                    <div class=\"quick-view\">\n                        <a href=\"https:\/\/www.malesiahoney.com\/al\/produkt\/lavender-honey\/?attribute_weight=Medium+335gr\" class=\"quick-view-btn\">Shiko produktin<\/a>\n                    <\/div>\n                <\/div>\n                <h3 class=\"product-title\">Lavender BioHoney 335gr<\/h3>\n                <p class=\"product-description\">Nj\u00eb shije e veqant\u00eb, Lavender BioHoney...<\/p>\n                <h6 class=\"product-price\">\n                                            <span class=\"woocommerce-Price-amount amount\"><bdi>11,90&nbsp;<span class=\"woocommerce-Price-currencySymbol\">&euro;<\/span><\/bdi><\/span>                                    <\/h6>\n               <div class=\"product-actions\">\n\t\t\t\t   <button class=\"add-to-cart-btn quick-view-btn\" data-product-id=\"1094\">\n  Vendos n\u00eb Shport\u00eb\n<\/button>\n\n\t\t\t<\/div>\n\n            <\/div>\n                        <div class=\"product-card\">\n                <div class=\"product-image\">\n                    <a href=\"https:\/\/www.malesiahoney.com\/al\/produkt\/linden-honey\/?attribute_weight=Medium+335gr\">\n                        <img decoding=\"async\" src=\"https:\/\/www.malesiahoney.com\/wp-content\/uploads\/2024\/12\/Linden_Final-removebg-preview-e1750874045868.png\" alt=\"Linden BioHoney 335gr\">\n                    <\/a>\n                    <div class=\"quick-view\">\n                        <a href=\"https:\/\/www.malesiahoney.com\/al\/produkt\/linden-honey\/?attribute_weight=Medium+335gr\" class=\"quick-view-btn\">Shiko produktin<\/a>\n                    <\/div>\n                <\/div>\n                <h3 class=\"product-title\">Linden BioHoney 335gr<\/h3>\n                <p class=\"product-description\">E njohur p\u00ebr arom\u00ebn e saj delikate dhe t\u00eb natyrshme...<\/p>\n                <h6 class=\"product-price\">\n                                            <span class=\"woocommerce-Price-amount amount\"><bdi>11,90&nbsp;<span class=\"woocommerce-Price-currencySymbol\">&euro;<\/span><\/bdi><\/span>                                    <\/h6>\n               <div class=\"product-actions\">\n\t\t\t\t   <button class=\"add-to-cart-btn quick-view-btn\" data-product-id=\"1097\">\n  Vendos n\u00eb Shport\u00eb\n<\/button>\n\n\t\t\t<\/div>\n\n            <\/div>\n                        <div class=\"product-card\">\n                <div class=\"product-image\">\n                    <a href=\"https:\/\/www.malesiahoney.com\/al\/produkt\/acacia-honey\/?attribute_weight=Large+500gr\">\n                        <img decoding=\"async\" src=\"https:\/\/www.malesiahoney.com\/wp-content\/uploads\/2025\/05\/f871bead-2e21-40f3-8a0d-e900e87a4f2c_removalai_preview-e1750873725803.png\" alt=\"Acacia BioHoney 500gr\">\n                    <\/a>\n                    <div class=\"quick-view\">\n                        <a href=\"https:\/\/www.malesiahoney.com\/al\/produkt\/acacia-honey\/?attribute_weight=Large+500gr\" class=\"quick-view-btn\">Shiko produktin<\/a>\n                    <\/div>\n                <\/div>\n                <h3 class=\"product-title\">Acacia BioHoney 500gr<\/h3>\n                <p class=\"product-description\">E leht\u00eb dhe e art\u00eb, Acacia BioHoney \u00ebsht\u00eb ...<\/p>\n                <h6 class=\"product-price\">\n                                            <span class=\"woocommerce-Price-amount amount\"><bdi>17,90&nbsp;<span class=\"woocommerce-Price-currencySymbol\">&euro;<\/span><\/bdi><\/span>                                    <\/h6>\n               <div class=\"product-actions\">\n\t\t\t\t   <button class=\"add-to-cart-btn quick-view-btn\" data-product-id=\"1101\">\n  Vendos n\u00eb Shport\u00eb\n<\/button>\n\n\t\t\t<\/div>\n\n            <\/div>\n                        <div class=\"product-card\">\n                <div class=\"product-image\">\n                    <a href=\"https:\/\/www.malesiahoney.com\/al\/produkt\/forest-honey\/?attribute_weight=Large+500gr\">\n                        <img decoding=\"async\" src=\"https:\/\/www.malesiahoney.com\/wp-content\/uploads\/2025\/05\/IMG_3922-removebg-preview-e1750873636773.png\" alt=\"Forest BioHoney 500gr\">\n                    <\/a>\n                    <div class=\"quick-view\">\n                        <a href=\"https:\/\/www.malesiahoney.com\/al\/produkt\/forest-honey\/?attribute_weight=Large+500gr\" class=\"quick-view-btn\">Shiko produktin<\/a>\n                    <\/div>\n                <\/div>\n                <h3 class=\"product-title\">Forest BioHoney 500gr<\/h3>\n                <p class=\"product-description\">E guximshme n\u00eb shije dhe ngjyr\u00eb t\u00eb err\u00ebt...<\/p>\n                <h6 class=\"product-price\">\n                                            <span class=\"woocommerce-Price-amount amount\"><bdi>17,90&nbsp;<span class=\"woocommerce-Price-currencySymbol\">&euro;<\/span><\/bdi><\/span>                                    <\/h6>\n               <div class=\"product-actions\">\n\t\t\t\t   <button class=\"add-to-cart-btn quick-view-btn\" data-product-id=\"1091\">\n  Vendos n\u00eb Shport\u00eb\n<\/button>\n\n\t\t\t<\/div>\n\n            <\/div>\n                        <div class=\"product-card\">\n                <div class=\"product-image\">\n                    <a href=\"https:\/\/www.malesiahoney.com\/al\/produkt\/lavender-honey\/?attribute_weight=Large+500gr\">\n                        <img decoding=\"async\" src=\"https:\/\/www.malesiahoney.com\/wp-content\/uploads\/2025\/05\/IMG_3921-removebg-preview-e1750873654752.png\" alt=\"Lavender BioHoney 500gr\">\n                    <\/a>\n                    <div class=\"quick-view\">\n                        <a href=\"https:\/\/www.malesiahoney.com\/al\/produkt\/lavender-honey\/?attribute_weight=Large+500gr\" class=\"quick-view-btn\">Shiko produktin<\/a>\n                    <\/div>\n                <\/div>\n                <h3 class=\"product-title\">Lavender BioHoney 500gr<\/h3>\n                <p class=\"product-description\">Nj\u00eb shije e veqant\u00eb, Lavender BioHoney...<\/p>\n                <h6 class=\"product-price\">\n                                            <span class=\"woocommerce-Price-amount amount\"><bdi>17,90&nbsp;<span class=\"woocommerce-Price-currencySymbol\">&euro;<\/span><\/bdi><\/span>                                    <\/h6>\n               <div class=\"product-actions\">\n\t\t\t\t   <button class=\"add-to-cart-btn quick-view-btn\" data-product-id=\"1095\">\n  Vendos n\u00eb Shport\u00eb\n<\/button>\n\n\t\t\t<\/div>\n\n            <\/div>\n                        <div class=\"product-card\">\n                <div class=\"product-image\">\n                    <a href=\"https:\/\/www.malesiahoney.com\/al\/produkt\/linden-honey\/?attribute_weight=Large+500gr\">\n                        <img decoding=\"async\" src=\"https:\/\/www.malesiahoney.com\/wp-content\/uploads\/2025\/05\/IMG_3920__1_-removebg-preview-e1750873694109.png\" alt=\"Linden BioHoney 500gr\">\n                    <\/a>\n                    <div class=\"quick-view\">\n                        <a href=\"https:\/\/www.malesiahoney.com\/al\/produkt\/linden-honey\/?attribute_weight=Large+500gr\" class=\"quick-view-btn\">Shiko produktin<\/a>\n                    <\/div>\n                <\/div>\n                <h3 class=\"product-title\">Linden BioHoney 500gr<\/h3>\n                <p class=\"product-description\">E njohur p\u00ebr arom\u00ebn e saj delikate dhe t\u00eb natyrshme...<\/p>\n                <h6 class=\"product-price\">\n                                            <span class=\"woocommerce-Price-amount amount\"><bdi>17,90&nbsp;<span class=\"woocommerce-Price-currencySymbol\">&euro;<\/span><\/bdi><\/span>                                    <\/h6>\n               <div class=\"product-actions\">\n\t\t\t\t   <button class=\"add-to-cart-btn quick-view-btn\" data-product-id=\"1098\">\n  Vendos n\u00eb Shport\u00eb\n<\/button>\n\n\t\t\t<\/div>\n\n            <\/div>\n                        <div class=\"product-card\">\n                <div class=\"product-image\">\n                    <a href=\"https:\/\/www.malesiahoney.com\/al\/produkt\/spoon-honey-2\/?attribute_box-type=Small+20x10g\">\n                        <img decoding=\"async\" src=\"https:\/\/www.malesiahoney.com\/wp-content\/uploads\/2024\/12\/honey-20-.png\" alt=\"BioHoney Spoons 20x10g\">\n                    <\/a>\n                    <div class=\"quick-view\">\n                        <a href=\"https:\/\/www.malesiahoney.com\/al\/produkt\/spoon-honey-2\/?attribute_box-type=Small+20x10g\" class=\"quick-view-btn\">Shiko produktin<\/a>\n                    <\/div>\n                <\/div>\n                <h3 class=\"product-title\">BioHoney Spoons 20x10g<\/h3>\n                <p class=\"product-description\">Lug\u00eb p\u00ebr nj\u00eb p\u00ebrdorim t\u00eb vet\u00ebm, BioHoney. Shijoni...<\/p>\n                <h6 class=\"product-price\">\n                                            <span class=\"woocommerce-Price-amount amount\"><bdi>10,00&nbsp;<span class=\"woocommerce-Price-currencySymbol\">&euro;<\/span><\/bdi><\/span>                                    <\/h6>\n               <div class=\"product-actions\">\n\t\t\t\t   <button class=\"add-to-cart-btn quick-view-btn\" data-product-id=\"1131\">\n  Vendos n\u00eb Shport\u00eb\n<\/button>\n\n\t\t\t<\/div>\n\n            <\/div>\n                        <div class=\"product-card\">\n                <div class=\"product-image\">\n                    <a href=\"https:\/\/www.malesiahoney.com\/al\/produkt\/spoon-honey-2\/?attribute_box-type=Medium+70x10g\">\n                        <img decoding=\"async\" src=\"https:\/\/www.malesiahoney.com\/wp-content\/uploads\/2024\/12\/70x10.png\" alt=\"BioHoney Spoons 70x10g\">\n                    <\/a>\n                    <div class=\"quick-view\">\n                        <a href=\"https:\/\/www.malesiahoney.com\/al\/produkt\/spoon-honey-2\/?attribute_box-type=Medium+70x10g\" class=\"quick-view-btn\">Shiko produktin<\/a>\n                    <\/div>\n                <\/div>\n                <h3 class=\"product-title\">BioHoney Spoons 70x10g<\/h3>\n                <p class=\"product-description\">Lug\u00eb p\u00ebr nj\u00eb p\u00ebrdorim t\u00eb vet\u00ebm, BioHoney. Shijoni...<\/p>\n                <h6 class=\"product-price\">\n                                            <span class=\"woocommerce-Price-amount amount\"><bdi>35,00&nbsp;<span class=\"woocommerce-Price-currencySymbol\">&euro;<\/span><\/bdi><\/span>                                    <\/h6>\n               <div class=\"product-actions\">\n\t\t\t\t   <button class=\"add-to-cart-btn quick-view-btn\" data-product-id=\"1132\">\n  Vendos n\u00eb Shport\u00eb\n<\/button>\n\n\t\t\t<\/div>\n\n            <\/div>\n            <\/div>\n\n<!-- AJAX Script -->\n\n\n<\/div>\n\t\t\t\t\t\t<\/div>\n\t\t\t\t<\/div>\n\t\t\t\t\t<\/div>\n\t\t\t\t<\/div>\n\t\t\t\t<\/div>","protected":false},"excerpt":{"rendered":"From Hive to Jar, Pure and Unmatched Crafted by nature, untouched by additives. Our honey is a symbol of purity, collected from the finest blossoms to deliver a rich, authentic taste. A spoonful of Malesia is more than honey\u2014it\u2019s nature\u2019s&nbsp;golden&nbsp;touch. Home \/ Page","protected":false},"author":1,"featured_media":0,"parent":0,"menu_order":0,"comment_status":"closed","ping_status":"closed","template":"elementor_header_footer","meta":{"_monsterinsights_skip_tracking":false,"_monsterinsights_sitenote_active":false,"_monsterinsights_sitenote_note":"","_monsterinsights_sitenote_category":0,"footnotes":""},"class_list":["post-572","page","type-page","status-publish","hentry"],"aioseo_notices":[],"_links":{"self":[{"href":"https:\/\/www.malesiahoney.com\/al\/wp-json\/wp\/v2\/pages\/572","targetHints":{"allow":["GET"]}}],"collection":[{"href":"https:\/\/www.malesiahoney.com\/al\/wp-json\/wp\/v2\/pages"}],"about":[{"href":"https:\/\/www.malesiahoney.com\/al\/wp-json\/wp\/v2\/types\/page"}],"author":[{"embeddable":true,"href":"https:\/\/www.malesiahoney.com\/al\/wp-json\/wp\/v2\/users\/1"}],"replies":[{"embeddable":true,"href":"https:\/\/www.malesiahoney.com\/al\/wp-json\/wp\/v2\/comments?post=572"}],"version-history":[{"count":76,"href":"https:\/\/www.malesiahoney.com\/al\/wp-json\/wp\/v2\/pages\/572\/revisions"}],"predecessor-version":[{"id":5962,"href":"https:\/\/www.malesiahoney.com\/al\/wp-json\/wp\/v2\/pages\/572\/revisions\/5962"}],"wp:attachment":[{"href":"https:\/\/www.malesiahoney.com\/al\/wp-json\/wp\/v2\/media?parent=572"}],"curies":[{"name":"wp","href":"https:\/\/api.w.org\/{rel}","templated":true}]}}