{"id":112,"date":"2024-11-20T15:28:30","date_gmt":"2024-11-20T15:28:30","guid":{"rendered":"https:\/\/malesiahoney.com\/index.php\/my-account\/"},"modified":"2025-07-16T15:42:51","modified_gmt":"2025-07-16T13:42:51","slug":"my-account","status":"publish","type":"page","link":"https:\/\/www.malesiahoney.com\/al\/my-account\/","title":{"rendered":"My account"},"content":{"rendered":"<div data-elementor-type=\"wp-page\" data-elementor-id=\"112\" class=\"elementor elementor-112\">\n\t\t\t\t<div class=\"elementor-element elementor-element-fd3733f e-flex e-con-boxed wpr-particle-no wpr-jarallax-no wpr-parallax-no wpr-sticky-section-no e-con e-parent\" data-id=\"fd3733f\" data-element_type=\"container\">\n\t\t\t\t\t<div class=\"e-con-inner\">\n\t\t\t\t<div class=\"elementor-element elementor-element-29ed0a1 elementor-widget elementor-widget-text-editor\" data-id=\"29ed0a1\" data-element_type=\"widget\" data-widget_type=\"text-editor.default\">\n\t\t\t\t<div class=\"elementor-widget-container\"><div class=\"woocommerce\">\n<div class=\"woocommerce-notices-wrapper\"><\/div>\n<div class=\"u-columns col2-set\" id=\"customer_login\">\n<div class=\"u-column1 col-1\">\n<h2 data-no-translation=\"\" data-trp-gettext=\"\">Hyrje<\/h2>\n<form class=\"woocommerce-form woocommerce-form-login login\" method=\"post\" novalidate action=\"\">\n<p class=\"woocommerce-form-row woocommerce-form-row--wide form-row form-row-wide\">\n\t\t\t\t<label for=\"username\">Em\u00ebr p\u00ebrdoruesi ose email&nbsp;<span class=\"required\" aria-hidden=\"true\">*<\/span><span class=\"screen-reader-text\" data-no-translation=\"\" data-trp-gettext=\"\">E domosdoshme<\/span><\/label><br \/>\n\t\t\t\t<input type=\"text\" class=\"woocommerce-Input woocommerce-Input--text input-text\" name=\"username\" id=\"username\" autocomplete=\"username\" value=\"\" required aria-required=\"true\" \/>\t\t\t<\/p>\n<p class=\"woocommerce-form-row woocommerce-form-row--wide form-row form-row-wide\">\n\t\t\t\t<label for=\"password\">Fjal\u00ebkalim&nbsp;<span class=\"required\" aria-hidden=\"true\">*<\/span><span class=\"screen-reader-text\" data-no-translation=\"\" data-trp-gettext=\"\">E domosdoshme<\/span><\/label><br \/>\n\t\t\t\t<input class=\"woocommerce-Input woocommerce-Input--text input-text\" type=\"password\" name=\"password\" id=\"password\" autocomplete=\"current-password\" required aria-required=\"true\" \/>\n\t\t\t<\/p>\n<p class=\"form-row\">\n\t\t\t\t<label class=\"woocommerce-form__label woocommerce-form__label-for-checkbox woocommerce-form-login__rememberme\"><br \/>\n\t\t\t\t\t<input class=\"woocommerce-form__input woocommerce-form__input-checkbox\" name=\"rememberme\" type=\"checkbox\" id=\"rememberme\" value=\"forever\" \/> <span data-no-translation=\"\" data-trp-gettext=\"\">Mbam\u00eb mend<\/span><br \/>\n\t\t\t\t<\/label><br \/>\n\t\t\t\t<input type=\"hidden\" id=\"woocommerce-login-nonce\" name=\"woocommerce-login-nonce\" value=\"9a825c8ef9\" \/><input type=\"hidden\" name=\"_wp_http_referer\" value=\"\/al\/wp-json\/wp\/v2\/pages\/112\" \/>\t\t\t\t<button type=\"submit\" class=\"woocommerce-button button woocommerce-form-login__submit\" name=\"login\" value=\"Hyni\" data-no-translation=\"\" data-trp-gettext=\"\" data-no-translation-value=\"\">Hyni<\/button>\n\t\t\t<\/p>\n<p class=\"woocommerce-LostPassword lost_password\">\n\t\t\t\t<a href=\"https:\/\/www.malesiahoney.com\/al\/my-account\/lost-password\/\" data-no-translation=\"\" data-trp-gettext=\"\">Harruat fjal\u00ebkalimin tuaj?<\/a>\n\t\t\t<\/p>\n<\/p><input type=\"hidden\" name=\"trp-form-language\" value=\"al\"\/><\/form>\n<\/p><\/div>\n<div class=\"u-column2 col-2\">\n<h2 data-no-translation=\"\" data-trp-gettext=\"\">Regjistrohuni<\/h2>\n<form method=\"post\" class=\"woocommerce-form woocommerce-form-register register\" action=\"\"  >\n<p class=\"woocommerce-form-row woocommerce-form-row--wide form-row form-row-wide\">\n\t\t\t\t<label for=\"reg_email\">Adres\u00eb email&nbsp;<span class=\"required\" aria-hidden=\"true\">*<\/span><span class=\"screen-reader-text\" data-no-translation=\"\" data-trp-gettext=\"\">E domosdoshme<\/span><\/label><br \/>\n\t\t\t\t<input type=\"email\" class=\"woocommerce-Input woocommerce-Input--text input-text\" name=\"email\" id=\"reg_email\" autocomplete=\"email\" value=\"\" required aria-required=\"true\" \/>\t\t\t<\/p>\n<p data-no-translation=\"\" data-trp-gettext=\"\">Te adresa juaj email do t\u00eb d\u00ebrgohet nj\u00eb lidhje p\u00ebr t\u00eb caktuar nj\u00eb fjal\u00ebkalim t\u00eb ri.<\/p>\n<p>\t\t\t<wc-order-attribution-inputs><\/wc-order-attribution-inputs><\/p>\n<div class=\"woocommerce-privacy-policy-text\">\n<p>Your personal data will be used to support your experience throughout this website, to manage access to your account, and for other purposes described in our <a href=\"\" class=\"woocommerce-privacy-policy-link\" target=\"_blank\" data-no-translation=\"\" data-trp-gettext=\"\">rregulla privat\u00ebsie<\/a>.<\/p>\n<\/div>\n<p class=\"woocommerce-form-row form-row\">\n\t\t\t\t<input type=\"hidden\" id=\"woocommerce-register-nonce\" name=\"woocommerce-register-nonce\" value=\"7bbe50d429\" \/><input type=\"hidden\" name=\"_wp_http_referer\" value=\"\/al\/wp-json\/wp\/v2\/pages\/112\" \/>\t\t\t\t<button type=\"submit\" class=\"woocommerce-Button woocommerce-button button woocommerce-form-register__submit\" name=\"register\" value=\"Regjistrohuni\" data-no-translation=\"\" data-trp-gettext=\"\" data-no-translation-value=\"\">Regjistrohuni<\/button>\n\t\t\t<\/p>\n<\/p><input type=\"hidden\" name=\"trp-form-language\" value=\"al\"\/><\/form>\n<\/p><\/div>\n<\/div>\n<\/div><\/div>\n\t\t\t\t<\/div>\n\t\t\t\t\t<\/div>\n\t\t\t\t<\/div>\t\t<\/div>","protected":false},"excerpt":{"rendered":"","protected":false},"author":1,"featured_media":0,"parent":0,"menu_order":0,"comment_status":"closed","ping_status":"closed","template":"elementor_header_footer","meta":{"_monsterinsights_skip_tracking":false,"_monsterinsights_sitenote_active":false,"_monsterinsights_sitenote_note":"","_monsterinsights_sitenote_category":0,"footnotes":""},"class_list":["post-112","page","type-page","status-publish","hentry"],"aioseo_notices":[],"_links":{"self":[{"href":"https:\/\/www.malesiahoney.com\/al\/wp-json\/wp\/v2\/pages\/112","targetHints":{"allow":["GET"]}}],"collection":[{"href":"https:\/\/www.malesiahoney.com\/al\/wp-json\/wp\/v2\/pages"}],"about":[{"href":"https:\/\/www.malesiahoney.com\/al\/wp-json\/wp\/v2\/types\/page"}],"author":[{"embeddable":true,"href":"https:\/\/www.malesiahoney.com\/al\/wp-json\/wp\/v2\/users\/1"}],"replies":[{"embeddable":true,"href":"https:\/\/www.malesiahoney.com\/al\/wp-json\/wp\/v2\/comments?post=112"}],"version-history":[{"count":5,"href":"https:\/\/www.malesiahoney.com\/al\/wp-json\/wp\/v2\/pages\/112\/revisions"}],"predecessor-version":[{"id":5656,"href":"https:\/\/www.malesiahoney.com\/al\/wp-json\/wp\/v2\/pages\/112\/revisions\/5656"}],"wp:attachment":[{"href":"https:\/\/www.malesiahoney.com\/al\/wp-json\/wp\/v2\/media?parent=112"}],"curies":[{"name":"wp","href":"https:\/\/api.w.org\/{rel}","templated":true}]}}